{"id":231,"date":"2022-12-01T13:12:13","date_gmt":"2022-12-01T06:12:13","guid":{"rendered":"https:\/\/sonha.themevivu.net\/?post_type=product&#038;p=231"},"modified":"2022-12-02T11:53:14","modified_gmt":"2022-12-02T04:53:14","slug":"bon-tu-hoai-septic-shc-1800l","status":"publish","type":"product","link":"https:\/\/vip.tamnguyen.com.vn\/sonha\/bon-tu-hoai-septic-shc-1800l\/","title":{"rendered":"B\u1ed3n t\u1ef1 ho\u1ea1i Septic SHC 1800L"},"content":{"rendered":"<p>Thi\u1ebft k\u1ebf \u0111\u1ed9c \u0111\u00e1o c\u00f9ng ch\u1ea5t li\u1ec7u b\u1ec1n b\u1ec9, th\u00e2n thi\u1ec7n v\u1edbi m\u00f4i tr\u01b0\u1eddng,\u00a0<strong>b\u1ed3n t\u1ef1 ho\u1ea1i Septic SHC 1800L<\/strong>\u00a0l\u00e0 l\u1ef1a ch\u1ecdn t\u1ed1t nh\u1ea5t cho nhu c\u1ea7u ch\u1ee9a n\u01b0\u1edbc th\u1ea3i sinh ho\u1ea1t c\u1ee7a c\u00e1c gia \u0111\u00ecnh hi\u1ec7n nay.<\/p>\n<h2>Th\u00f4ng s\u1ed1 k\u1ef9 thu\u1eadt b\u1ed3n t\u1ef1 ho\u1ea1i SHC 1800L<\/h2>\n<table border=\"0\" cellspacing=\"0\" cellpadding=\"0\">\n<tbody>\n<tr>\n<td><strong>M\u00e3 s\u1ea3n ph\u1ea9m<\/strong><\/td>\n<td>ST1800<\/td>\n<\/tr>\n<tr>\n<td><strong>Dung t\u00edch<\/strong><\/td>\n<td>1800 l\u00edt<\/td>\n<\/tr>\n<tr>\n<td><strong>V\u1eadt li\u1ec7u<\/strong><\/td>\n<td>Nh\u1ef1a nguy\u00ean sinh cao c\u1ea5p<\/td>\n<\/tr>\n<tr>\n<td><strong>K\u00edch th\u01b0\u1edbc<\/strong><\/td>\n<td>1100 x 2000 x 1140 mm<\/td>\n<\/tr>\n<tr>\n<td><strong>B\u1ea3o h\u00e0nh<\/strong><\/td>\n<td>60 n\u0103m<\/td>\n<\/tr>\n<tr>\n<td><strong>Xu\u1ea5t x\u1ee9<\/strong><\/td>\n<td>Ch\u00ednh h\u00e3ng<\/td>\n<\/tr>\n<\/tbody>\n<\/table>\n<p><img decoding=\"async\" src=\"https:\/\/www.sonha.net.vn\/media\/lib\/761_1800.jpg\" alt=\"\" \/><\/p>\n<p>&nbsp;<\/p>\n<p><em>H\u00ecnh \u1ea3nh k\u00edch th\u01b0\u1edbc b\u1ed3n t\u1ef1 ho\u1ea1i Septic 1800l c\u1ee7a S\u01a1n H\u00e0\u00a0<\/em><\/p>\n<p>\u0110\u1ec3 bi\u1ebft th\u00eam th\u00f4ng tin chi ti\u1ebft s\u1ea3n ph\u1ea9m c\u0169ng nh\u01b0\u00a0<strong>t\u01b0 v\u1ea5n v\u1ec1 dung t\u00edch b\u1ed3n ph\u00f9 h\u1ee3p nhu c\u1ea7u<\/strong>\u00a0s\u1eed d\u1ee5ng, b\u1ea1n ch\u1ec9 c\u1ea7n g\u1ecdi t\u1edbi hotline<strong><a href=\"tel:0933094688\">\u00a00933.09.46.88<\/a><\/strong>\u00a0s\u1ebd \u0111\u01b0\u1ee3c h\u1ed7 tr\u1ee3 v\u00e0 gi\u1ea3i \u0111\u00e1p nhanh nh\u1ea5t.<\/p>\n<h2>T\u1ea1i sao b\u1ea1n n\u00ean ch\u1ecdn b\u1ec3 t\u1ef1 ho\u1ea1i Septic SHC 1800L?<\/h2>\n<p>C\u00e1c b\u1ec3 ph\u1ed1t, b\u1ec3 t\u1ef1 ho\u1ea1i b\u1eb1ng g\u1ea1ch, b\u00ea t\u00f4ng tr\u01b0\u1edbc \u0111\u00e2y m\u1ea5t c\u00f4ng x\u00e2y d\u1ef1ng v\u00e0 c\u00f3 nhi\u1ec1u h\u1ea1n ch\u1ebf:<\/p>\n<ul>\n<li>Gi\u00e1 th\u00e0nh cao<\/li>\n<\/ul>\n<ul>\n<li>Tu\u1ed5i th\u1ecd k\u00e9m<\/li>\n<\/ul>\n<ul>\n<li>D\u1ec5 d\u00e0ng th\u1ea5m n\u1ee9t, n\u00fat v\u1ee1, r\u00f2 r\u1ec9 b\u1edfi c\u00e1c nguy\u00ean nh\u00e2n kh\u00f3 l\u01b0\u1eddng tr\u01b0\u1edbc nh\u01b0: \u0111\u1ed9ng \u0111\u1ea5t, \u1ea3nh h\u01b0\u1edfng r\u1ec5 c\u00e2y \u0103n s\u00e2u, l\u00fan n\u1ec1n, ch\u1ea5t l\u01b0\u1ee3ng thi c\u00f4ng k\u00e9m\u2026<\/li>\n<\/ul>\n<ul>\n<li>Thi c\u00f4ng l\u00e2u<\/li>\n<\/ul>\n<ul>\n<li>Kh\u00f4ng t\u00e1i s\u1eed d\u1ee5ng \u0111\u01b0\u1ee3c<\/li>\n<\/ul>\n<p>Vi\u1ec7c c\u00e1c b\u1ec3 ph\u1ed1t, b\u1ec3 t\u1ef1 ho\u1ea1i xu\u1ed1ng c\u1ea5p n\u1ebfu kh\u00f4ng k\u1ecbp th\u1eddi ph\u00e1t hi\u1ec7n v\u00e0 x\u1eed l\u00fd d\u1eabn t\u1edbi hi\u1ec7n t\u01b0\u1ee3ng n\u01b0\u1edbc th\u1ea3i r\u00f2 r\u1ec9, ng\u1ea5m v\u00e0o m\u1ea1ch n\u01b0\u1edbc ng\u1ea7m v\u00e0 \u1ea3nh h\u01b0\u1edfng nghi\u00eam tr\u1ecdng t\u1edbi ch\u1ea5t l\u01b0\u1ee3ng n\u01b0\u1edbc sinh ho\u1ea1t, g\u00e2y \u00f4 nhi\u1ec5m v\u00e0 \u0111\u1ec3 l\u1ea1i h\u1eadu qu\u1ea3 kh\u00f4n l\u01b0\u1eddng v\u1edbi s\u1ee9c kh\u1ecfe c\u1ee7a c\u00e1c th\u00e0nh vi\u00ean gia \u0111\u00ecnh.<\/p>\n<p><img loading=\"lazy\" decoding=\"async\" src=\"https:\/\/www.sonha.net.vn\/media\/lib\/762_bon-tu-hoai-septic-SHC-1.jpg\" alt=\"B\u1ed3n t\u1ef1 ho\u1ea1i Septic SHC 1800L \" width=\"800\" height=\"500\" \/><\/p>\n<p><em>H\u1ea1n ch\u1ebf c\u1ee7a b\u1ed3n t\u1ef1 ho\u1ea1i truy\u1ec1n th\u1ed1ng tr\u01b0\u1edbc \u0111\u00e2y<\/em><\/p>\n<p>\u0110\u1eb7c bi\u1ec7t v\u1edbi nh\u1eefng gia \u0111\u00ecnh \u1edf th\u00e0nh ph\u1ed1, vi\u1ec7c x\u00e2y d\u1ef1ng b\u1ec3 ph\u1ed1t l\u00e0 kh\u00f3 kh\u0103n h\u01a1n b\u1edfi t\u1ed1n k\u00e9m di\u1ec7n t\u00edch, chi ph\u00ed ph\u00e1t hi\u1ec7n v\u00e0 s\u1eeda ch\u1eefa khi ph\u00e1t hi\u1ec7n h\u01b0 h\u1ea1i c\u0169ng \u0111\u1eaft \u0111\u1ecf h\u01a1n.<\/p>\n<p>Trong khi \u0111\u00f3,<strong>\u00a0b\u1ed3n t\u1ef1 ho\u1ea1i Septic SHC 1800L<\/strong>\u00a0mang \u0111\u1ea7y \u0111\u1ee7 c\u00e1c \u0111i\u1ec3m \u01b0u vi\u1ec7t v\u00e0 l\u00e0 gi\u1ea3i ph\u00e1p t\u1ed1t nh\u1ea5t x\u1eed l\u00fd t\u1ea5t c\u1ea3 v\u1ea5n \u0111\u1ec1 m\u00e0 b\u1ec3 t\u1ef1 ho\u1ea1i truy\u1ec1n th\u1ed1ng tr\u01b0\u1edbc \u0111\u00e2y ch\u01b0a \u0111\u00e1p \u1ee9ng \u0111\u01b0\u1ee3c.<\/p>\n<ul>\n<li><strong>Th\u00e2n thi\u1ec7n v\u1edbi m\u00f4i tr\u01b0\u1eddng:<\/strong><\/li>\n<\/ul>\n<p>\u0110\u01b0\u1ee3c thi\u1ebft k\u1ebf 2 ng\u0103n x\u1eed l\u00fd \u01b0u vi\u1ec7t c\u00f9ng c\u00f4ng ngh\u1ec7 vi sinh ti\u00ean ti\u1ebfn n\u00e2ng cao kh\u1ea3 n\u0103ng t\u1ef1 ho\u1ea1i. S\u1eed d\u1ee5ng b\u1ed3n Septic SHC kh\u00f4ng g\u00e2y \u00f4 nhi\u1ec5m t\u1edbi m\u00f4i tr\u01b0\u1eddng.<\/p>\n<p>Ngo\u00e0i ra, \u0111\u01b0\u1ee3c ch\u1ebf t\u1ea1o t\u1eeb ch\u1ea5t li\u1ec7u nh\u1ef1a nguy\u00ean sinh si\u00eau b\u1ec1n, b\u1ed3n t\u1ef1 ho\u1ea1i c\u00f3 kh\u1ea3 n\u0103ng ch\u1ecbu \u00e1p l\u1ef1c cao, kh\u00f3 th\u1ea5m n\u1ee9t v\u00e0 r\u00f2 r\u1ec9.<\/p>\n<ul>\n<li><strong>Gi\u1ea3i ph\u00e1p ti\u1ebft ki\u1ec7m ho\u00e0n h\u1ea3o:<\/strong><\/li>\n<\/ul>\n<p><strong>Ti\u1ebft ki\u1ec7m th\u1eddi gian:<\/strong>\u00a0\u0110\u01b0\u1ee3c thi\u1ebft k\u1ebf t\u1ed1i \u01b0u gi\u1ea3m chi\u1ec1u d\u00e0i, t\u0103ng \u0111\u01b0\u1eddng k\u00ednh, b\u1ed3n Septic SHC 1800 gi\u00fap vi\u1ec7c ph\u00e2n ph\u1ed1i, l\u1eafp \u0111\u1eb7t tr\u1edf n\u00ean d\u1ec5 d\u00e0ng, nhanh ch\u00f3ng h\u01a1n bao gi\u1edd h\u1ebft.<\/p>\n<p><strong>Ti\u1ebft ki\u1ec7m chi ph\u00ed:<\/strong>\u00a0Vi\u1ec7c s\u1eed d\u1ee5ng b\u1ed3n t\u1ef1 ho\u1ea1i Septic SHC v\u1edbi \u0111\u1ed9 b\u1ec1n v\u01b0\u1ee3t th\u1eddi gian c\u0169ng gi\u00fap ng\u01b0\u1eddi d\u00f9ng ti\u1ebft ki\u1ec7m \u0111\u01b0\u1ee3c kho\u1ea3n kha kha chi ph\u00ed cho c\u00e1c c\u00f4ng t\u00e1c b\u1ea3o tr\u00ec, b\u1ea3o d\u01b0\u1ee1ng, thay th\u1ebf.<\/p>\n<p><img loading=\"lazy\" decoding=\"async\" src=\"https:\/\/www.sonha.net.vn\/media\/lib\/762_bon-tu-hoai-septic-shc.jpg\" alt=\"B\u1ed3n t\u1ef1 ho\u1ea1i Septic SHC 1800L \" width=\"800\" height=\"451\" \/><\/p>\n<p>&nbsp;<\/p>\n<p><em>\u0110i\u1ec3m \u01b0u vi\u1ec7t c\u1ee7a b\u1ed3n t\u1ef1 ho\u1ea1i Septic SHC<\/em><\/p>\n<p>V\u1edbi nh\u1eefng \u01b0u \u0111i\u1ec3m \u0111\u1ed9t ph\u00e1 n\u00eau tr\u00ean,\u00a0<strong>b\u1ed3n t\u1ef1 ho\u1ea1i Septic SHC 1800L<\/strong>\u00a0l\u00e0 s\u1ea3n ph\u1ea9m \u0111\u00e1ng \u0111\u1ec3 s\u1edf h\u1eefu cho gia \u0111\u00ecnh. B\u1ea1n c\u00f3 th\u1ec3 \u0111\u1eb7t h\u00e0ng ngay b\u1eb1ng c\u00e1ch\u00a0<strong>th\u00eam h\u00e0ng v\u00e0o gi\u1ecf<\/strong>\u00a0ho\u1eb7c nh\u1ea5p\u00a0<strong>\u201cy\u00eau c\u1ea7u g\u1ecdi l\u1ea1i\u201c<\/strong>\u00a0\u0111\u1ec3 \u0111\u01b0\u1ee3c \u0110\u1ed9i ng\u0169 t\u01b0 v\u1ea5n vi\u00ean c\u1ee7a\u00a0<a href=\"https:\/\/www.sonha.net.vn\/\" target=\"_blank\" rel=\"noopener\">sonha.net.vn<\/a>\u00a0h\u1ed7 tr\u1ee3 \u0111\u1ea7y \u0111\u1ee7.<\/p>\n<h2>C\u1ea5u t\u1ea1o v\u00e0 nguy\u00ean l\u00fd ho\u1ea1t \u0111\u1ed9ng b\u1ec3 ph\u1ed1t Septic SHC 1800L<\/h2>\n<p>B\u1ed3n t\u1ef1 ho\u1ea1i Septic SHC 1800 \u0111\u01b0\u1ee3c chia l\u00e0m 2 ng\u0103n: ng\u0103n ch\u1ee9a &#8211; l\u1eafng v\u00e0 ng\u0103n l\u1eafng &#8211; l\u1ecdc. Trong \u0111\u00f3, ng\u0103n ch\u1ee9a &#8211; l\u1eafng l\u00e0 ng\u0103n \u0111\u1ea7u ti\u00ean ch\u1ee9a ch\u1ea5t th\u1ea3i c\u00f3 di\u1ec7n t\u00edch l\u1edbn nh\u1ea5t, ti\u1ebfp \u0111\u1ebfn l\u00e0 ng\u0103n l\u1eafng &#8211; l\u1ecdc.<\/p>\n<p>C\u00e1c ch\u1ea5t th\u1ea3i theo \u0111\u01b0\u1eddng \u1ed1ng nh\u1ef1a \u0111\u1ea7u v\u00e0o \u0111\u01b0\u1ee3c d\u1eabn t\u1edbi ng\u0103n ch\u1ee9a l\u1edbn. T\u1ea1i \u0111\u00e2y x\u1ea3y ra qu\u00e1 tr\u00ecnh l\u1eafng c\u1eb7n l\u1ea7n th\u1ee9 nh\u1ea5t.<\/p>\n<p>Ti\u1ebfp \u0111\u00f3, ch\u1ea5t th\u1ea3i \u0111\u01b0\u1ee3c \u0111\u01b0a qua l\u1ed7 th\u00f4ng tr\u00ean v\u00e1ch ng\u0103n 1 sang ng\u0103n l\u1eafng &#8211; l\u1ecdc. T\u1ea1i ng\u0103n n\u00e0y, ch\u1ea5t th\u1ea3i ti\u1ebfp t\u1ee5c \u0111\u01b0\u1ee3c th\u1ef1c hi\u1ec7n l\u1eafng c\u1eb7n v\u00e0 l\u1ecdc c\u00e1c ch\u1ea5t l\u01a1 l\u1eedng.<\/p>\n<p>\u1ede ng\u0103n n\u00e0y, qu\u00e1 tr\u00ecnh l\u1eafng c\u1eb7n cu\u1ed1i c\u00f9ng \u0111\u01b0\u1ee3c th\u1ef1c hi\u1ec7n v\u00e0 ch\u1ea5t th\u1ea3i sau l\u1ecdc \u0111\u01b0a qua \u0111\u01b0\u1eddng n\u01b0\u1edbc ra.<\/p>\n<p><img loading=\"lazy\" decoding=\"async\" src=\"https:\/\/www.sonha.net.vn\/media\/lib\/761_cau-tao-va-nguyen-ly-hoat-dong-be-tu-hoai-shc.jpg\" alt=\"C\u1ea5u t\u1ea1o v\u00e0 nguy\u00ean l\u00fd ho\u1ea1t \u0111\u1ed9ng b\u1ed3n t\u1ef1 ho\u1ea1i Septic SHC\" width=\"800\" height=\"533\" \/><\/p>\n<p><em>Nguy\u00ean l\u00fd c\u1ea7u t\u1ea1o c\u1ee7a b\u1ed3n t\u1ef1 ho\u1ea1i Septic SHC<\/em><\/p>\n<p>Tr\u1ea3i qua 3 giai \u0111o\u1ea1n tr\u00ean, ch\u1ea5t th\u1ea3i trong b\u1ed3n t\u1ef1 ho\u1ea1i Septic SHC \u0111\u01b0\u1ee3c x\u1eed l\u00fd s\u1ea1ch s\u1ebd, kh\u00e9p k\u00edn, \u0111\u1ea3m b\u1ea3o an to\u00e0n tuy\u1ec7t \u0111\u1ed1i v\u1edbi m\u00f4i tr\u01b0\u1eddng.<\/p>\n<h2>Nh\u1eefng \u0111\u1ed9t ph\u00e1 trong thi\u1ebft k\u1ebf t\u00ednh n\u0103ng ch\u1ec9 c\u00f3 t\u1ea1i b\u1ed3n t\u1ef1 ho\u1ea1i Septic SHC 1800<\/h2>\n<p>B\u1ed3n t\u1ef1 ho\u1ea1i Septic SHC\u00a0 s\u1edf h\u1eefu nhi\u1ec1u \u0111i\u1ec3m \u0111\u1ed9t ph\u00e1 trong thi\u1ebft k\u1ebf t\u00ednh n\u0103ng, l\u00e0 s\u1ea3n ph\u1ea9m ch\u1ea5t l\u01b0\u1ee3ng mang t\u1edbi s\u1ef1 an t\u00e2m to\u00e0n di\u1ec7n cho ng\u01b0\u1eddi d\u00f9ng.<\/p>\n<h3>Thi\u1ebft k\u1ebf ti\u00ean ti\u1ebfn hi\u1ec7n \u0111\u1ea1i<\/h3>\n<p>V\u1edbi nguy\u00ean l\u00fd c\u1ea5u t\u1ea1o 2 ng\u0103n c\u00f9ng c\u00f4ng ngh\u1ec7 vi sinh t\u1ef1 ho\u1ea1i ti\u00ean ti\u1ebfn, b\u1ed3n t\u1ef1 ho\u1ea1i Septic SHC 1800 c\u00f3 kh\u1ea3 n\u0103ng x\u1eed l\u00fd ch\u1ea5t th\u1ea3i sinh ho\u1ea1t gia \u0111\u00ecnh kh\u00e9p k\u00edn, an to\u00e0n nh\u1ea5t.<\/p>\n<p>Thi\u1ebft k\u1ebf b\u1ed3n n\u1eb1m ngang c\u0169ng d\u1ec5 d\u00e0ng l\u1eafp \u0111\u1eb7t, thu\u1eadn ti\u1ec7n ch\u00f4n d\u01b0\u1edbi l\u00f2ng \u0111\u1ea5t, c\u00e1c ho\u1ea1t \u0111\u1ed9ng b\u1ea3o d\u01b0\u1ee1ng, b\u1ea3o tr\u00ec c\u0169ng d\u1ec5 d\u00e0ng h\u01a1n.<\/p>\n<p><img decoding=\"async\" src=\"https:\/\/www.sonha.net.vn\/media\/lib\/761_uu-diem-shc.jpg\" alt=\"\" \/><\/p>\n<p><em>B\u1ed3n t\u1ef1 ho\u1ea1i Septic SHC v\u1edbi thi\u1ebft k\u1ebf ti\u00ean ti\u1ebfn<\/em><\/p>\n<p>Ngo\u00e0i ra, n\u1eafp b\u1ed3n ren li\u1ec1n xo\u00e1y tr\u00ean n\u1eafp b\u1ed3n c\u1ef1c k\u1ef3 ch\u1eafc ch\u1eafn \u0111\u1ea3m b\u1ea3o ch\u1ed1ng m\u00f9i h\u00f4i tho\u00e1t ra ngo\u00e0i.<\/p>\n<p>B\u00ean c\u1ea1nh \u0111\u00f3, \u0111\u01b0\u1eddng n\u01b0\u1edbc v\u00e0o \u2013 \u0111\u01b0\u1eddng n\u01b0\u1edbc ra c\u1ee7a b\u1ed3n t\u1ef1 ho\u1ea1i Septic SHC 1800 c\u00f3 k\u00edch th\u01b0\u1edbc l\u00ean t\u1edbi 110mm, k\u00edch th\u01b0\u1edbc \u0111\u1ee7 l\u1edbn n\u00e0y s\u1ebd h\u1ea1n ch\u1ebf t\u1ed1i \u0111a t\u00ecnh tr\u1ea1ng t\u1eafc ngh\u1ebdn ch\u1ea5t th\u1ea3i.<\/p>\n<h3>Ch\u1ea5t li\u1ec7u k\u1ebft c\u1ea5u nh\u1ef1a nguy\u00ean sinh si\u00eau b\u1ec1n<\/h3>\n<p>B\u1ed3n t\u1ef1 ho\u1ea1i Septic SHC \u0111\u01b0\u1ee3c s\u1ea3n xu\u1ea5t tr\u00ean d\u00e2y chuy\u1ec1n c\u00f4ng ngh\u1ec7 ti\u00ean ti\u1ebfn nh\u1ea5t v\u00e0 \u0111\u01b0\u1ee3c th\u1eed nghi\u1ec7m theo ti\u00eau chu\u1ea9n kh\u1eaft khe c\u1ee7a ch\u00e2u \u00c2u. S\u1ea3n ph\u1ea9m lu\u00f4n \u0111\u1ea3m b\u1ea3o \u0111\u01b0\u1ee3c l\u00e0m t\u1eeb nh\u1eefng v\u1eadt li\u1ec7u ch\u1ea5t l\u01b0\u1ee3ng v\u1edbi k\u1ebft c\u1ea5u v\u1eefng ch\u1eafc.<\/p>\n<p>Ch\u1ea5t li\u1ec7u b\u1ed3n t\u1ef1 ho\u1ea1i S\u01a1n H\u00e0 Septic 1800L \u0111\u01b0\u1ee3c l\u00e0m t\u1eeb 100% nh\u1ef1a nguy\u00ean sinh LLDPE d\u00e0y t\u00f9y thu\u1ed9c v\u00e0o dung t\u00edch b\u1ed3n, \u0111\u00e1p \u1ee9ng t\u00ednh d\u1ebbo dai, c\u1ee9ng v\u1eefng, \u0111\u1ed3ng th\u1eddi ch\u1ecbu \u0111\u01b0\u1ee3c t\u00e1c d\u1ee5ng axit, baz\u01a1 v\u00e0 ch\u1ed1ng th\u1ea5m c\u1ef1c hi\u1ec7u qu\u1ea3.<\/p>\n<p>K\u1ebft c\u1ea5u n\u00e0y gi\u00fap b\u1ed3n t\u1ef1 ho\u1ea1i ng\u0103n ch\u1eb7n ho\u00e0n to\u00e0n n\u01b0\u1edbc th\u1ea3i r\u00f2 r\u1ec9 ra c\u00e1c m\u1ea1ch n\u01b0\u1edbc ng\u1ea7m v\u00e0 b\u1ec3 ch\u1ee9a n\u01b0\u1edbc s\u1ea1ch, \u0111\u1ea3m b\u1ea3o ch\u1ea5t l\u01b0\u1ee3ng n\u01b0\u1edbc sinh ho\u1ea1t.<\/p>\n","protected":false},"excerpt":{"rendered":"<ul class=\"m-0 pl-3\">\n<li><b class=\"red\">Nh\u00e3n hi\u1ec7u<\/b>: SHC<\/li>\n<li><b class=\"red\">B\u1ea3o h\u00e0nh<\/b>: 60 n\u0103m<\/li>\n<li><b class=\"red\">Model<\/b>: ST1800<\/li>\n<li><b class=\"red\">Ki\u1ec3u d\u00e1ng<\/b>: B\u1ec3 t\u1ef1 ho\u1ea1i<\/li>\n<\/ul>\n","protected":false},"featured_media":232,"comment_status":"open","ping_status":"closed","template":"","meta":{"_acf_changed":false,"rank_math_lock_modified_date":false},"product_cat":[15,19,32],"product_tag":[],"class_list":{"0":"post-231","1":"product","2":"type-product","3":"status-publish","4":"has-post-thumbnail","6":"product_cat-bon-nuoc-son-ha","7":"product_cat-be-lap-ghep-son-ha","8":"product_cat-bon-tu-hoai-septic","9":"pa_cong-suat-300-500w","10":"pa_dung-tich-350l","11":"pa_khoang-gia-2-trieu-3-trieu","12":"pa_kieu-dang-gold","13":"pa_nhan-hieu-toan-my","15":"first","16":"instock","17":"sale","18":"shipping-taxable","19":"purchasable","20":"product-type-simple"},"acf":[],"_links":{"self":[{"href":"https:\/\/vip.tamnguyen.com.vn\/sonha\/wp-json\/wp\/v2\/product\/231","targetHints":{"allow":["GET"]}}],"collection":[{"href":"https:\/\/vip.tamnguyen.com.vn\/sonha\/wp-json\/wp\/v2\/product"}],"about":[{"href":"https:\/\/vip.tamnguyen.com.vn\/sonha\/wp-json\/wp\/v2\/types\/product"}],"replies":[{"embeddable":true,"href":"https:\/\/vip.tamnguyen.com.vn\/sonha\/wp-json\/wp\/v2\/comments?post=231"}],"wp:featuredmedia":[{"embeddable":true,"href":"https:\/\/vip.tamnguyen.com.vn\/sonha\/wp-json\/wp\/v2\/media\/232"}],"wp:attachment":[{"href":"https:\/\/vip.tamnguyen.com.vn\/sonha\/wp-json\/wp\/v2\/media?parent=231"}],"wp:term":[{"taxonomy":"product_cat","embeddable":true,"href":"https:\/\/vip.tamnguyen.com.vn\/sonha\/wp-json\/wp\/v2\/product_cat?post=231"},{"taxonomy":"product_tag","embeddable":true,"href":"https:\/\/vip.tamnguyen.com.vn\/sonha\/wp-json\/wp\/v2\/product_tag?post=231"}],"curies":[{"name":"wp","href":"https:\/\/api.w.org\/{rel}","templated":true}]}}