{"id":227,"date":"2022-12-01T13:10:11","date_gmt":"2022-12-01T06:10:11","guid":{"rendered":"https:\/\/sonha.themevivu.net\/?post_type=product&#038;p=227"},"modified":"2022-12-05T18:58:44","modified_gmt":"2022-12-05T11:58:44","slug":"bep-dien-tu-doi-son-ha-shk-8223","status":"publish","type":"product","link":"https:\/\/vip.tamnguyen.com.vn\/sonha\/bep-dien-tu-doi-son-ha-shk-8223\/","title":{"rendered":"B\u00ea\u0301p \u0111i\u00ea\u0323n t\u01b0\u0300 \u0111\u00f4i S\u01a1n Ha\u0300 SHK-8223"},"content":{"rendered":"<p>S\u1edf h\u1eefu thi\u1ebft k\u1ebf \u00dd sang tr\u1ecdng c\u0169ng ph\u1ee9c h\u1ee3p t\u00ednh n\u0103ng ti\u00eau chu\u1ea9n,\u00a0<strong>b\u1ebfp \u0111i\u1ec7n t\u1eeb \u0111\u00f4i S\u01a1n H\u00e0 SHK-8223<\/strong>\u00a0l\u00e0 s\u1ea3n ph\u1ea9m th\u00f4ng minh, ti\u1ec7n d\u1ee5ng, ti\u1ebft ki\u1ec7m th\u1eddi gian n\u1ea5u \u0103n cho gia \u0111\u00ecnh.<\/p>\n<p><a href=\"https:\/\/www.sonha.net.vn\/bep-dien-tu-hon-hop-son-ha-shk-8223.html\" target=\"_blank\" rel=\"noopener\"><img loading=\"lazy\" decoding=\"async\" src=\"https:\/\/www.sonha.net.vn\/media\/lib\/382_bep-dien-tu-doi-son-ha-shk-8223.jpg\" alt=\"b\u1ebfp \u0111i\u1ec7n t\u1eeb \u0111\u00f4i S\u01a1n H\u00e0 SHK-8223\" width=\"600\" height=\"400\" \/><\/a><\/p>\n<h2>Th\u00f4ng s\u1ed1 k\u1ef9 thu\u1eadt c\u1ee7a b\u1ebfp \u0111i\u1ec7n t\u1eeb \u0111\u00f4i S\u01a1n H\u00e0 SHK-8223<\/h2>\n<div class=\"product-field\">\n<div class=\"product-field\">\n<table width=\"408\">\n<tbody>\n<tr>\n<td>M\u00e3 s\u1ea3n ph\u1ea9m:<\/td>\n<td>\n<p align=\"center\">SHK-8223<\/p>\n<\/td>\n<\/tr>\n<tr>\n<td>Th\u01b0\u01a1ng hi\u1ec7u:<\/td>\n<td>S\u01a1n H\u00e0<\/td>\n<\/tr>\n<tr>\n<td>K\u00edch th\u01b0\u1edbc b\u1ebfp (WxDxH):<\/td>\n<td>730\u00a0x 430 x 60 mm<\/td>\n<\/tr>\n<tr>\n<td>K\u00edch th\u01b0\u1edbc kho\u00e9t \u0111\u00e1:<\/td>\n<td>695\u00a0x 410\u00a0mm<\/td>\n<\/tr>\n<tr>\n<td>C\u00f4ng su\u1ea5t:<\/td>\n<td>4200W<\/td>\n<\/tr>\n<tr>\n<td>\u0110i\u1ec7n \u00e1p:<\/td>\n<td>220-240V 50\/60Hz<\/td>\n<\/tr>\n<tr>\n<td>Tr\u1ecdng l\u01b0\u1ee3ng b\u1ebfp:<\/td>\n<td>8,7\u00a0kg<\/td>\n<\/tr>\n<tr>\n<td>M\u00e2m t\u1eeb<\/td>\n<td>210 mm &#8211; 2200W<\/td>\n<\/tr>\n<tr>\n<td>M\u00e2m h\u1ed3ng ngo\u1ea1i:<\/td>\n<td>230 mm &#8211; 2000W<\/td>\n<\/tr>\n<tr>\n<td>Ch\u1ebf \u0111\u1ed9 th\u00f4ng minh:<\/td>\n<\/tr>\n<\/tbody>\n<\/table>\n<\/div>\n<\/div>\n<p><img loading=\"lazy\" decoding=\"async\" src=\"https:\/\/www.sonha.net.vn\/media\/lib\/382_thong-so-bep-dien-tu-doi-son-ha-shk-8223.jpg\" alt=\"Th\u00f4ng s\u1ed1 k\u1ef9 thu\u1eadt c\u1ee7a b\u1ebfp \u0111i\u1ec7n t\u1eeb \u0111\u00f4i S\u01a1n H\u00e0 SHK-8223\" width=\"600\" height=\"400\" \/><\/p>\n<p>B\u1ebfp t\u1eeb (hay\u00a0<strong>b\u1ebfp \u0111i\u1ec7n t\u1eeb<\/strong>) tuy kh\u00f4ng ph\u1ea3i l\u00e0 d\u00f2ng s\u1ea3n ph\u1ea9m m\u0169i nh\u1ecdn c\u1ee7a t\u1eadp \u0111o\u00e0n S\u01a1n H\u00e0 nh\u01b0ng v\u1eabn l\u00e0 m\u1ed9t trong nh\u1eefng d\u00f2ng thi\u1ebft b\u1ecb nh\u00e0 b\u1ebfp r\u1ea5t \u0111\u01b0\u1ee3c quan t\u00e2m \u01b0a chu\u1ed9ng.<\/p>\n<p>B\u1ebfp t\u1eeb \u00e2m l\u00e0 thi\u1ebft b\u1ecb kh\u00f4ng th\u1ec3 thi\u1ebft trong h\u1ea7u h\u1ebft c\u00e1c c\u0103n b\u1ebfp gia \u0111\u00ecnh \u1edf chung c\u01b0 hi\u1ec7n nay. S\u1edf d\u0129, b\u1ebfp \u0111i\u1ec7n t\u1eeb l\u1eafp \u00e2m \u0111\u01b0\u1ee3c y\u00eau th\u00edch b\u1edfi thi\u1ebft k\u1ebf m\u1ecfng g\u1ecdn, \u0111\u1eb9p m\u1eb7t v\u00e0 ti\u1ec7n d\u1ee5ng, ti\u1ebft ki\u1ec7m th\u1eddi gian n\u1ea5u n\u01b0\u1edbng.<\/p>\n<p>T\u1eadp \u0111o\u00e0n S\u01a1n H\u00e0 kh\u00f4ng c\u00f3 qu\u00e1 nhi\u1ec1u d\u00f2ng b\u1ebfp \u0111i\u1ec7n t\u1eeb nh\u01b0ng v\u1ec1 c\u01a1 b\u1ea3n \u0111\u1ea7y \u0111\u1ee7 c\u00e1c d\u00f2ng b\u1ebfp \u0111i\u1ec7n t\u1eeb gi\u00e1 r\u1ebb t\u1edbi cao c\u1ea5p, \u0111\u00e1p \u1ee9ng ti\u00eau chu\u1ea9n s\u1eed d\u1ee5ng c\u1ee7a gia \u0111\u00ecnh.<\/p>\n<p>C\u00f9ng t\u00ecm hi\u1ec3u v\u1ec1\u00a0<strong>b\u00ea\u0301p \u0111i\u00ea\u0323n t\u01b0\u0300 \u0111\u00f4i S\u01a1n Ha\u0300 SHK-8223<\/strong>, d\u00f2ng s\u1ea3n ph\u1ea9m b\u1ebfp \u0111i\u1ec7n t\u1eeb th\u00f4ng minh s\u1edf h\u1eefu thi\u1ebft k\u1ebf sang tr\u1ecdng v\u00e0 c\u00f4ng n\u0103ng \u01b0u vi\u1ec7t nh\u1ea5t hi\u1ec7n nay!<\/p>\n<h2>B\u1ebfp \u0111i\u1ec7n \u0111\u00f4i S\u01a1n H\u00e0 SHK-8223 ho\u1ea1t \u0111\u1ed9ng v\u1edbi c\u00f4ng su\u1ea5t m\u1ea1nh m\u1ebd t\u1edbi 4200W<\/h2>\n<p>B\u1ebfp \u0111i\u1ec7n t\u1eeb \u0111\u00f4i d\u00f2ng n\u00e0y c\u00f3 c\u00f4ng su\u1ea5t m\u1ea1nh m\u1ebd, ho\u1ea1t \u0111\u1ed9ng t\u1ed1i \u0111a \u1edf m\u1ee9c 4200W. L\u01b0\u1ee3ng nhi\u1ec7t n\u0103ng \u0111\u01b0\u1ee3c t\u1ea1o ra c\u0169ng ph\u00e2n b\u1ed5 \u0111\u1ed3ng \u0111\u1ec1u cho c\u00e1c v\u00f9ng n\u1ea5u, gi\u00fap vi\u1ec7c n\u1ea5u n\u01b0\u1edbng tr\u1edf n\u00ean nhanh ch\u00f3ng, ti\u1ebft ki\u1ec7m th\u1eddi gian c\u00f4ng s\u1ee9c ng\u01b0\u1eddi l\u00e0m n\u1ed9i tr\u1ee3.<\/p>\n<p><img loading=\"lazy\" decoding=\"async\" src=\"https:\/\/www.sonha.net.vn\/media\/lib\/382_cong-suat-bep-dien-tu-doi-son-ha-shk-8223.jpg\" alt=\"B\u1ebfp \u0111i\u1ec7n \u0111\u00f4i S\u01a1n H\u00e0 SHK-8223 ho\u1ea1t \u0111\u1ed9ng v\u1edbi c\u00f4ng su\u1ea5t m\u1ea1nh m\u1ebd t\u1edbi 4200W\" width=\"600\" height=\"400\" \/><\/p>\n<h3>B\u1ebfp \u0111i\u1ec7n t\u1eeb S\u01a1n H\u00e0 c\u00f4ng su\u1ea5t m\u1ea1nh m\u1ebd<\/h3>\n<h2>B\u1ebfp \u0111i\u1ec7n t\u1eeb \u0111\u00f4i S\u01a1n H\u00e0 SHK-8223 kh\u00f4ng k\u00e9n n\u1ed3i, b\u1ec1 m\u1eb7t si\u00eau b\u1ec1n, d\u1ec5 d\u00e0ng v\u1ec7 sinh<\/h2>\n<p>V\u1edbi c\u1ea5u tr\u00fac 2 v\u00f9ng n\u1ea5u, 1 v\u00f9ng t\u1eeb, 1 c\u00f9ng h\u1ed3ng ngo\u1ea1i, b\u1ebfp \u0111i\u1ec7n t\u1eeb \u0111\u00f4i SHK-8223 ho\u00e0n to\u00e0n kh\u00f4ng k\u00e9n n\u1ed3i. B\u1ea1n c\u00f3 th\u1ec3 linh ho\u1ea1t s\u1eed d\u1ee5ng c\u00e1c lo\u1ea1i n\u1ed3i \u0111\u1ec3 n\u1ea5u \u0103n m\u00e0 kh\u00f4ng ph\u1ea3i lo l\u1eafng v\u1ec1 tr\u00ecnh tr\u1ea1ng b\u1ebfp kh\u00f4ng b\u1eaft t\u1eeb.<\/p>\n<p>B\u00ean c\u1ea1nh \u0111\u00f3, b\u1ec1 m\u1eb7t b\u1ebfp \u0111\u01b0\u1ee3c ch\u1ebf t\u00e1c t\u1eeb k\u00ednh c\u01b0\u1eddng l\u1ef1c SCHOTT d\u00e0y b\u1ec1n, ch\u1ed1ng n\u1ee9t v\u1ee1, c\u00f3 kh\u1ea3 n\u0103ng ch\u1ecbu l\u1ef1c, ch\u1ecbu nhi\u1ec7t cao, d\u1ec5 lau ch\u00f9i v\u1ec7 sinh sau m\u1ed7i l\u1ea7n \u0111un n\u1ea5u.<\/p>\n<p>S\u1eed d\u1ee5ng b\u1ebfp \u0111i\u1ec7n t\u01b0\u0300 \u0111\u00f4i SHK-8223 gi\u00fap vi\u1ec7c n\u1ea5u n\u01b0\u1edbc tr\u1edf n\u00ean g\u1ecdn g\u00e0ng v\u00e0 s\u1ea1ch s\u1ebd.<\/p>\n<p><img loading=\"lazy\" decoding=\"async\" src=\"https:\/\/www.sonha.net.vn\/media\/lib\/382_bep-dien-tu-doi-son-ha-shk-8223-sieu-ben.jpg\" alt=\"B\u1ebfp \u0111i\u1ec7n t\u1eeb \u0111\u00f4i S\u01a1n H\u00e0 SHK-8223 kh\u00f4ng k\u00e9n n\u1ed3i, b\u1ec1 m\u1eb7t si\u00eau b\u1ec1n, d\u1ec5 d\u00e0ng v\u1ec7 sinh\" width=\"600\" height=\"400\" \/><\/p>\n<h3>B\u1ebfp \u0111i\u1ec7n t\u1eeb S\u01a1n H\u00e0 si\u00eau b\u1ec1n<\/h3>\n<h2>Ch\u1ebf \u0111\u1ed9 th\u00f4ng minh t\u00edch h\u1ee3p trong b\u1ebfp \u0111i\u1ec7n t\u1eeb \u0111\u00f4i S\u01a1n H\u00e0 SHK-8223<\/h2>\n<p>\u01afu \u0111i\u1ec3m n\u1ed5i b\u1eadt c\u1ee7a B\u1ebfp \u0111i\u1ec7n t\u01b0\u0300 \u0111\u00f4i S\u01a1n H\u00e0 SHK-8223 l\u00e0 \u0111\u01b0\u1ee3c t\u00edch h\u1ee3p ch\u1ee9c n\u0103ng c\u00e0i \u0111\u1eb7t tr\u01b0\u1edbc, h\u1eb9n gi\u1edd khi n\u1ea5u n\u01b0\u1edbng, ti\u1ec7n nghi h\u01a1n cho ng\u01b0\u1eddi n\u1ed9i tr\u1ee3.<\/p>\n<p>B\u1ea1n c\u00f3 th\u1ec3 t\u1eadn d\u1ee5ng th\u1eddi gian \u0111\u1ee3i th\u1ee9c \u0103n \u0111\u01b0\u1ee3c n\u1ea5u ch\u00edn tr\u00ean \u0111\u1ec3 l\u00e0m c\u00e1c c\u00f4ng vi\u1ec7c nh\u00e0 kh\u00e1c: lau d\u1ecdn nh\u00e0 c\u1eeda, gi\u1eb7t gi\u0169, ch\u0103m con nh\u1ecf.<\/p>\n<p>Ngo\u00e0i ra, b\u1ebfp \u0111\u01b0\u1ee3c t\u00edch h\u1ee3p ch\u1ebf \u0111\u1ed9 kh\u00f3a an to\u00e0n tr\u1ebb em, gi\u00fap vi\u1ec7c n\u1ea5u n\u01b0\u1edbng c\u0169ng tr\u1edf n\u00ean tho\u1ea3i m\u00e1i, an t\u00e2m v\u1edbi gia \u0111\u00ecnh c\u00f3 tr\u1ebb nh\u1ecf. B\u1ea1n c\u00f3 th\u1ec3 v\u1eeba \u0111\u1ea3m \u0111\u01b0\u01a1ng b\u1ebfp n\u00fac, v\u1eeba c\u00f9ng con ch\u01a1i \u0111\u00f9a m\u00f9a kh\u00f4ng lo c\u00e1c r\u1ee7i ro b\u1ecb b\u1ecfng x\u1ea3y ra cho b\u00e9.<\/p>\n","protected":false},"excerpt":{"rendered":"<ul class=\"m-0 pl-3\">\n<li><b class=\"red\">Nh\u00e3n hi\u1ec7u<\/b>: S\u01a1n H\u00e0<\/li>\n<li><b class=\"red\">B\u1ea3o h\u00e0nh<\/b>: 24 th\u00e1ng<\/li>\n<li><b class=\"red\">Model<\/b>: SHK 8223<\/li>\n<li><b class=\"red\">Ki\u1ec3u d\u00e1ng<\/b>: 0<\/li>\n<\/ul>\n","protected":false},"featured_media":228,"comment_status":"open","ping_status":"closed","template":"","meta":{"_acf_changed":false,"rank_math_lock_modified_date":false},"product_cat":[36,35],"product_tag":[],"class_list":{"0":"post-227","1":"product","2":"type-product","3":"status-publish","4":"has-post-thumbnail","6":"product_cat-bep-dien-tu","7":"product_cat-thiet-bi-nha-bep-son-ha","8":"pa_cong-suat-500-1000w","9":"pa_khoang-gia-duoi-2-trieu","10":"pa_nhan-hieu-toan-thang","12":"first","13":"instock","14":"sale","15":"shipping-taxable","16":"purchasable","17":"product-type-simple"},"acf":[],"_links":{"self":[{"href":"https:\/\/vip.tamnguyen.com.vn\/sonha\/wp-json\/wp\/v2\/product\/227","targetHints":{"allow":["GET"]}}],"collection":[{"href":"https:\/\/vip.tamnguyen.com.vn\/sonha\/wp-json\/wp\/v2\/product"}],"about":[{"href":"https:\/\/vip.tamnguyen.com.vn\/sonha\/wp-json\/wp\/v2\/types\/product"}],"replies":[{"embeddable":true,"href":"https:\/\/vip.tamnguyen.com.vn\/sonha\/wp-json\/wp\/v2\/comments?post=227"}],"wp:featuredmedia":[{"embeddable":true,"href":"https:\/\/vip.tamnguyen.com.vn\/sonha\/wp-json\/wp\/v2\/media\/228"}],"wp:attachment":[{"href":"https:\/\/vip.tamnguyen.com.vn\/sonha\/wp-json\/wp\/v2\/media?parent=227"}],"wp:term":[{"taxonomy":"product_cat","embeddable":true,"href":"https:\/\/vip.tamnguyen.com.vn\/sonha\/wp-json\/wp\/v2\/product_cat?post=227"},{"taxonomy":"product_tag","embeddable":true,"href":"https:\/\/vip.tamnguyen.com.vn\/sonha\/wp-json\/wp\/v2\/product_tag?post=227"}],"curies":[{"name":"wp","href":"https:\/\/api.w.org\/{rel}","templated":true}]}}