{"id":223,"date":"2022-12-01T13:08:14","date_gmt":"2022-12-01T06:08:14","guid":{"rendered":"https:\/\/sonha.themevivu.net\/?post_type=product&#038;p=223"},"modified":"2022-12-01T23:31:59","modified_gmt":"2022-12-01T16:31:59","slug":"chau-rua-cao-cap-son-ha-s80-inox-304-800x440x220-mm-2","status":"publish","type":"product","link":"https:\/\/vip.tamnguyen.com.vn\/sonha\/chau-rua-cao-cap-son-ha-s80-inox-304-800x440x220-mm-2\/","title":{"rendered":"Ch\u1eadu r\u1eeda cao c\u1ea5p S\u01a1n H\u00e0 S80 Inox 304 (800x440x220 mm)"},"content":{"rendered":"<p><strong>Ch\u1eadu r\u1eeda b\u00e1t S\u01a1n H\u00e0 S80 Inox 304<\/strong>\u00a0l\u00e0 m\u1ed9t trong nh\u1eefng s\u1ea3n ph\u1ea9m cao c\u1ea5p thu\u1ed9c t\u1eadp \u0111o\u00e0n S\u01a1n H\u00e0. Thi\u1ebft b\u1ecb \u0111\u01b0\u1ee3c s\u1ea3n xu\u1ea5t theo d\u00e2y chuy\u1ec1n hi\u1ec7n \u0111\u1ea1i, s\u1eed d\u1ee5ng nh\u1eefng v\u1eadt li\u1ec7u cao c\u1ea5p theo \u0111\u00fang quy chu\u1ea9n qu\u1ed1c t\u1ebf ISO 9001: 2008.<\/p>\n<p>V\u1edbi th\u1eddi gian b\u1ea3o h\u00e0nh l\u00ean \u0111\u1ebfn 2 n\u0103m, \u0111\u00e2y ch\u1eafc h\u1eb3n l\u00e0 m\u1ed9t trong nh\u1eefng thi\u1ebft b\u1ecb gia d\u1ee5ng kh\u00f4ng th\u1ec3 thi\u1ebfu c\u1ee7a m\u1ecdi gia \u0111\u00ecnh.<\/p>\n<p><img decoding=\"async\" src=\"https:\/\/www.sonha.net.vn\/media\/lib\/267_chau-rua-bat-son-ha-s80-min.jpg\" alt=\"\" \/><\/p>\n<p><em>Ch\u1eadu r\u1eeda b\u00e1t S\u01a1n H\u00e0 S80 g\u00f3p ph\u1ea7n n\u00e2ng t\u1ea7m c\u0103n b\u1ebfp Vi\u1ec7t<\/em><\/p>\n<h2>Th\u00f4ng s\u1ed1 k\u1ef9 thu\u1eadt ch\u1eadu r\u1eeda b\u00e1t S\u01a1n H\u00e0 S80<\/h2>\n<table>\n<tbody>\n<tr>\n<td>T\u00ean s\u1ea3n ph\u1ea9m<\/td>\n<td>Ch\u1eadu r\u1eeda cao c\u1ea5p S\u01a1n H\u00e0 S80 Inox 304<\/td>\n<\/tr>\n<tr>\n<td>Ki\u1ec3u ch\u1eadu<\/td>\n<td>Ch\u1eadu r\u1eeda inox cao c\u1ea5p 2 h\u1ed1<\/td>\n<\/tr>\n<tr>\n<td>K\u00edch th\u01b0\u1edbc<\/td>\n<td>800x440x220 mm<\/td>\n<\/tr>\n<tr>\n<td>Ch\u1ea5t li\u1ec7u<\/td>\n<td>Inox 304<\/td>\n<\/tr>\n<tr>\n<td>Gi\u1edbi h\u1ea1n ch\u1ecbu nhi\u1ec7t<\/td>\n<td>925 \u0111\u1ed9 C<\/td>\n<\/tr>\n<tr>\n<td>Th\u01b0\u01a1ng hi\u1ec7u<\/td>\n<td>S\u01a1n H\u00e0<\/td>\n<\/tr>\n<tr>\n<td>Xu\u1ea5t x\u1ee9<\/td>\n<td>Vi\u1ec7t Nam<\/td>\n<\/tr>\n<tr>\n<td>B\u1ea3o h\u00e0nh<\/td>\n<td>2 n\u0103m<\/td>\n<\/tr>\n<\/tbody>\n<\/table>\n<h2>C\u1ea5u t\u1ea1o ch\u1eadu r\u1eeda b\u00e1t S\u01a1n H\u00e0 2 h\u1ed1 S80<\/h2>\n<ul>\n<li><strong>Ch\u1eadu:<\/strong>\u00a0G\u1ed3m 2 h\u1ed1 \u0111\u01b0\u1ee3c l\u00e0m t\u1eeb ch\u1ea5t li\u1ec7u inox cao c\u1ea5p c\u00f3 t\u00e1c d\u1ee5ng ch\u1ee9a \u0111\u1ef1ng n\u01b0\u1edbc \u0111\u1ec3 b\u1ea1n r\u1eeda b\u00e1t \u0111\u0169a, th\u1ef1c ph\u1ea9m. S\u1ea3n ph\u1ea9m ph\u00f9 h\u1ee3p v\u1edbi m\u1ecdi kh\u00f4ng gian gia \u0111\u00ecnh hi\u1ec7n nay nh\u1edd k\u1ebft c\u1ea5u 2 h\u1ed9c ti\u1ec7n d\u1ee5ng. B\u1ec1 m\u1eb7t c\u00e1c h\u1ed9c \u0111\u01b0\u1ee3c v\u00e1t cong m\u1ec1m m\u1ea1i, kh\u00f4ng g\u00e2y c\u1ea3m gi\u00e1c v\u01b0\u1edbng v\u00edu kh\u00f3 ch\u1ecbu trong qu\u00e1 tr\u00ecnh r\u1eeda ch\u00e9n, th\u1ef1c ph\u1ea9m,&#8230;<\/li>\n<\/ul>\n<p>L\u00f2ng ch\u1eadu b\u00ean tr\u00e1i: 385(D) x 376(R) (mm)<\/p>\n<p>L\u00f2ng ch\u1eadu b\u00ean ph\u1ea3i: 321 (D) x 323(R) (mm)<\/p>\n<ul>\n<li><strong>V\u00f2i ch\u1eadu r\u1eeda b\u00e1t:\u00a0<\/strong>N\u01b0\u1edbc d\u00f9ng \u0111\u1ec3 r\u1eeda b\u00e1t, ch\u00e9n, \u0111\u0129a c\u00f9ng th\u1ef1c ph\u1ea9m&#8230;s\u1ebd \u0111\u01b0\u1ee3c ch\u1ea3y ra t\u1eeb \u0111\u00e2y. Vi\u1ec7c l\u1ef1a ch\u1ecdn m\u1ed9t chi\u1ebfc v\u00f2i r\u1eeda ph\u00f9 h\u1ee3p v\u1edbi k\u00edch th\u01b0\u1edbc ch\u1eadu r\u1eeda b\u00e1t \u0111\u00f4i S\u01a1n H\u00e0 S80 l\u00e0 \u0111i\u1ec1u v\u00f4 c\u00f9ng quan tr\u1ecdng. Khi b\u1ea1n ch\u1ecdn \u0111\u00fang lo\u1ea1i v\u00f2i th\u00ec vi\u1ec7c n\u01b0\u1edbc ch\u1ea3y v\u00e0o b\u1ed3n s\u1ebd kh\u00f4ng b\u1ecb tung to\u00e9 ra ngo\u00e0i v\u00e0 khu v\u1ef1c n\u1ea5u n\u01b0\u1edbng s\u1ebd h\u1ea1n ch\u1ebf t\u1ed1i \u0111a b\u1ecb \u1ea9m \u01b0\u1edbt.<\/li>\n<\/ul>\n<p><strong>&gt;&gt; Tham kh\u1ea3o ngay:<\/strong>\u00a0C\u00e1c m\u1eabu<strong>\u00a0v\u00f2i r\u1eeda ch\u00e9n<\/strong>\u00a0\u0111\u01b0\u1ee3c mua nhi\u1ec1u nh\u1ea5t \u0111\u1ec3 l\u1eafp v\u1edbi ch\u1eadu r\u1eeda b\u00e1t S\u01a1n H\u00e0<\/p>\n<ul>\n<li><strong>N\u00fam v\u1eb7n x\u1ea3 n\u01b0\u1edbc v\u00e0 xi ph\u00f4ng ch\u1eadu r\u1eeda b\u00e1t:<\/strong>\u00a0\u0110\u00e2y \u0111\u01b0\u1ee3c xem l\u00e0 th\u00e0nh ph\u1ea7n quan tr\u1ecdng nh\u1ea5t, c\u00f3 t\u00e1c d\u1ee5ng x\u1ea3 n\u01b0\u1edbc \u0111\u00e3 d\u00f9ng xong ra kh\u1ecfi ch\u1eadu.<\/li>\n<\/ul>\n<p><img decoding=\"async\" src=\"https:\/\/www.sonha.net.vn\/media\/lib\/267_chau-rua-s80-son-ha-min.jpg\" alt=\"\" \/><\/p>\n<p><em>C\u1ea5u t\u1ea1o ch\u1eadu r\u1eeda S\u01a1n H\u00e0 S80\u00a0<\/em><\/p>\n<h2>\u01afu \u0111i\u1ec3m n\u1ed5i b\u1eadt ch\u1eadu r\u1eeda S\u01a1n H\u00e0 S80 cao c\u1ea5p 2 h\u1ed1<\/h2>\n<p><strong>Ch\u1eadu r\u1eeda b\u00e1t S\u01a1n H\u00e0 S80<\/strong>\u00a0l\u00e0 m\u1ed9t trong nh\u1eefng Model b\u00e1n ch\u1ea1y nh\u1ea5t c\u1ee7a h\u00e3ng trong su\u1ed1t nh\u1eefng n\u0103m g\u1ea7n \u0111\u00e2y. Tho\u1ea1t nh\u00ecn, thi\u1ebft b\u1ecb \u0111\u00e3 g\u00e2y \u1ea5n t\u01b0\u1ee3ng b\u1edfi thi\u1ebft k\u1ebf 2 h\u1ed9c b\u1ea5t \u0111\u1ed1i x\u1ee9ng t\u1ea1o n\u00e9t hi\u1ec7n \u0111\u1ea1i ri\u00eang bi\u1ec7t. S\u1ea3n ph\u1ea9m \u0111\u01b0\u1ee3c trang b\u1ecb nhi\u1ec1u t\u00ednh n\u0103ng, c\u00f9ng \u01b0u \u0111i\u1ec3m \u0111\u00e1ng ch\u00fa \u00fd nh\u01b0:<\/p>\n<h3>Ch\u1ea5t li\u1ec7u inox cao c\u1ea5p<\/h3>\n<p>S\u1ea3n xu\u1ea5t tr\u00ean d\u00e2y chuy\u1ec1n c\u00f4ng ngh\u1ec7 H\u00e0n Qu\u1ed1c v\u1edbi ch\u1ea5t li\u1ec7u inox SS304. Inox 304 c\u00f3 kh\u1ea3 n\u0103ng ch\u1ed1ng \u0103n m\u00f2n r\u1ea5t t\u1ed1t \u1edf m\u00f4i tr\u01b0\u1eddng kh\u1eafc nghi\u1ec7t, th\u1eadm ch\u00ed trong m\u00f4i tr\u01b0\u1eddng c\u00f3 h\u00f3a ch\u1ea5t. Kh\u00f4ng ch\u1ec9 v\u1eady, lo\u1ea1i inox n\u00e0y c\u00f2n c\u00f3 th\u1ec3 ch\u1ecbu \u0111\u01b0\u1ee3c nhi\u1ec7t \u0111\u1ed9 l\u00ean t\u1edbi 925 \u0111\u1ed9 C, \u0111\u00e1p \u1ee9ng t\u1ed1i \u0111a nhu c\u1ea7u s\u1eed d\u1ee5ng.<\/p>\n<p>S\u1ea3n ph\u1ea9m\u00a0<strong>ch\u1eadu r\u1eeda b\u00e1t\u00a0<\/strong>\u0111\u01b0\u1ee3c l\u00e0m t\u1eeb inox 304 \u0111\u1ec1u kh\u00f4ng b\u1ecb nhi\u1ec5m t\u1eeb ho\u1eb7c nhi\u1ec5m t\u1eeb r\u1ea5t \u00edt, n\u00ean b\u1ea1n c\u00f3 th\u1ec3 y\u00ean t\u00e2m khi s\u1eed d\u1ee5ng s\u1ea3n ph\u1ea9m.<\/p>\n<h3>K\u00edch th\u01b0\u1edbc ch\u1eadu r\u1eeda b\u00e1t t\u1ed1i \u01b0u nhu c\u1ea7u s\u1eed d\u1ee5ng<\/h3>\n<p>B\u1ed3n r\u1eeda b\u00e1t S\u01a1n H\u00e0\u00a0S80 Inox 304 c\u00f3 k\u00edch th\u01b0\u1edbc chi\u1ec1u d\u00e0i x chi\u1ec1u r\u1ed9ng x chi\u1ec1u cao l\u1ea7n l\u01b0\u1ee3t l\u00e0 800x440x220 mm ph\u00f9 h\u1ee3p v\u1edbi nhu c\u1ea7u s\u1eed d\u1ee5ng l\u1edbn h\u01a1n, s\u1ed1 l\u01b0\u1ee3ng th\u1ef1c ph\u1ea9m c\u1ea7n s\u01a1 ch\u1ebf, b\u00e1t \u0111\u0129a s\u1eed d\u1ee5ng m\u1ed7i ng\u00e0y nhi\u1ec1u.<\/p>\n<h3>C\u00f4ng ngh\u1ec7 \u00e9p li\u1ec1n kh\u00f4ng h\u00e0n m\u00e0i<\/h3>\n<p>S\u1ea3n ph\u1ea9m s\u1eed d\u1ee5ng c\u00f4ng ngh\u1ec7 \u00e9p li\u1ec1n, kh\u00f4ng h\u00e0i m\u00e1i, gi\u00fap cho:<\/p>\n<ul>\n<li>B\u1ec1 m\u1eb7t ch\u1eadu r\u1eeda lu\u00f4n nh\u1eb5n b\u00f3ng<\/li>\n<li>Kh\u00f4ng c\u00f3 c\u00e1c m\u1ed1i gh\u00e9p g\u00e2y m\u1ea5t th\u1ea9m m\u1ef9<\/li>\n<li>Kh\u00f4ng lo b\u1ecb n\u1ee9t, v\u1ee1<\/li>\n<\/ul>\n<h3>Thi\u1ebft k\u1ebf b\u1ed3n r\u1eeda ch\u00e9n th\u00f4ng minh<\/h3>\n<ul>\n<li>L\u1ed7 tho\u00e1t n\u01b0\u1edbc nhanh ch\u00f3ng, tr\u00e1nh ng\u01b0ng t\u1ee5 n\u01b0\u1edbc<\/li>\n<li>B\u1ec1 m\u1eb7t ch\u1eadu r\u1eeda s\u00e1ng b\u00f3ng, h\u1ea1n ch\u1ebf b\u00e1m d\u1ea7u m\u1ee1, d\u1ec5 d\u00e0ng v\u1ec7 sinh<\/li>\n<li>B\u1ed9 v\u00edt g\u00e1 ch\u1eafc ch\u1eafn d\u01b0\u1edbi \u0111\u00e1y ch\u1eadu \u0111\u1ea3m b\u1ea3o ch\u1eadu r\u1eeda lu\u00f4n \u0111\u01b0\u1ee3c c\u1ed1 \u0111\u1ecbnh v\u1eefng ch\u00e3i<\/li>\n<li>Thi\u1ebft k\u1ebf xi ph\u00f4ng ng\u0103n m\u00f9i hi\u1ec7u qu\u1ea3<\/li>\n<li>M\u1eb7t ngo\u00e0i \u0111\u01b0\u1ee3c s\u01a1n t\u0129nh \u0111i\u1ec7n gi\u1ea3m ti\u1ebfng \u1ed3n<\/li>\n<\/ul>\n","protected":false},"excerpt":{"rendered":"<ul class=\"m-0 pl-3\">\n<li><b class=\"red\">Nh\u00e3n hi\u1ec7u<\/b>: S\u01a1n H\u00e0<\/li>\n<li><b class=\"red\">B\u1ea3o h\u00e0nh<\/b>: 2 n\u0103m<\/li>\n<li><b class=\"red\">Model<\/b>: S80<\/li>\n<li><b class=\"red\">Ki\u1ec3u d\u00e1ng<\/b>: 0<\/li>\n<\/ul>\n","protected":false},"featured_media":224,"comment_status":"open","ping_status":"closed","template":"","meta":{"_acf_changed":false,"rank_math_lock_modified_date":false},"product_cat":[27,30,28],"product_tag":[],"class_list":{"0":"post-223","1":"product","2":"type-product","3":"status-publish","4":"has-post-thumbnail","6":"product_cat-chau-rua-bat-son-ha","7":"product_cat-chau-rua-hai-ho","8":"product_cat-chau-rua-inox-cao-cap","9":"pa_cong-suat-500-1000w","10":"pa_khoang-gia-2-trieu-3-trieu","11":"pa_nhan-hieu-toan-my","13":"first","14":"instock","15":"sale","16":"shipping-taxable","17":"purchasable","18":"product-type-simple"},"acf":[],"_links":{"self":[{"href":"https:\/\/vip.tamnguyen.com.vn\/sonha\/wp-json\/wp\/v2\/product\/223","targetHints":{"allow":["GET"]}}],"collection":[{"href":"https:\/\/vip.tamnguyen.com.vn\/sonha\/wp-json\/wp\/v2\/product"}],"about":[{"href":"https:\/\/vip.tamnguyen.com.vn\/sonha\/wp-json\/wp\/v2\/types\/product"}],"replies":[{"embeddable":true,"href":"https:\/\/vip.tamnguyen.com.vn\/sonha\/wp-json\/wp\/v2\/comments?post=223"}],"wp:featuredmedia":[{"embeddable":true,"href":"https:\/\/vip.tamnguyen.com.vn\/sonha\/wp-json\/wp\/v2\/media\/224"}],"wp:attachment":[{"href":"https:\/\/vip.tamnguyen.com.vn\/sonha\/wp-json\/wp\/v2\/media?parent=223"}],"wp:term":[{"taxonomy":"product_cat","embeddable":true,"href":"https:\/\/vip.tamnguyen.com.vn\/sonha\/wp-json\/wp\/v2\/product_cat?post=223"},{"taxonomy":"product_tag","embeddable":true,"href":"https:\/\/vip.tamnguyen.com.vn\/sonha\/wp-json\/wp\/v2\/product_tag?post=223"}],"curies":[{"name":"wp","href":"https:\/\/api.w.org\/{rel}","templated":true}]}}